{"id":643,"date":"2020-10-14T14:53:15","date_gmt":"2020-10-14T14:53:15","guid":{"rendered":"https:\/\/arsum.cl\/?page_id=643"},"modified":"2020-10-14T15:07:46","modified_gmt":"2020-10-14T15:07:46","slug":"listo-para-tomar-el-testimonio-en-la-posta-de-la-arquitectura-de-ti","status":"publish","type":"page","link":"https:\/\/arsum.cl\/?page_id=643","title":{"rendered":"\u00bfListo para tomar el testimonio en la posta de la Arquitectura de TI?"},"content":{"rendered":"\t\t<div data-elementor-type=\"wp-page\" data-elementor-id=\"643\" class=\"elementor elementor-643\">\n\t\t\t\t\t\t<div class=\"elementor-inner\">\n\t\t\t\t<div class=\"elementor-section-wrap\">\n\t\t\t\t\t\t\t\t\t<section class=\"elementor-section elementor-top-section elementor-element elementor-element-6ad8f85 elementor-section-boxed elementor-section-height-default elementor-section-height-default\" data-id=\"6ad8f85\" data-element_type=\"section\">\n\t\t\t\t\t\t<div class=\"elementor-container elementor-column-gap-default\">\n\t\t\t\t\t\t\t<div class=\"elementor-row\">\n\t\t\t\t\t<div class=\"elementor-column elementor-col-100 elementor-top-column elementor-element elementor-element-5e26b55\" data-id=\"5e26b55\" data-element_type=\"column\">\n\t\t\t<div class=\"elementor-column-wrap elementor-element-populated\">\n\t\t\t\t\t\t\t<div class=\"elementor-widget-wrap\">\n\t\t\t\t\t\t<div class=\"elementor-element elementor-element-09c8f27 elementor-widget elementor-widget-text-editor\" data-id=\"09c8f27\" data-element_type=\"widget\" data-widget_type=\"text-editor.default\">\n\t\t\t\t<div class=\"elementor-widget-container\">\n\t\t\t\t\t\t\t\t<div class=\"elementor-text-editor elementor-clearfix\">\n\t\t\t\t<p class=\"MsoNormal\"><i><span style=\"font-size: 14.0pt; line-height: 115%;\">Un homenaje a un peque\u00f1o n\u00famero de arquitectos de tecnolog\u00eda que hace d\u00e9cadas implement\u00f3 arquitecturas que han permitido a sus empresas continuar procesando transacciones hasta el d\u00eda de hoy. Ahora, ellos pasan el testimonio a las nuevas generaciones. Aqu\u00ed te dejamos unos consejos para las nuevas generaciones.<\/span><\/i><\/p>\t\t\t\t\t<\/div>\n\t\t\t\t\t\t<\/div>\n\t\t\t\t<\/div>\n\t\t\t\t\t\t<\/div>\n\t\t\t\t\t<\/div>\n\t\t<\/div>\n\t\t\t\t\t\t\t\t<\/div>\n\t\t\t\t\t<\/div>\n\t\t<\/section>\n\t\t\t\t<section class=\"elementor-section elementor-top-section elementor-element elementor-element-50d1e00 elementor-section-boxed elementor-section-height-default elementor-section-height-default\" data-id=\"50d1e00\" data-element_type=\"section\">\n\t\t\t\t\t\t<div class=\"elementor-container elementor-column-gap-default\">\n\t\t\t\t\t\t\t<div class=\"elementor-row\">\n\t\t\t\t\t<div class=\"elementor-column elementor-col-100 elementor-top-column elementor-element elementor-element-5d3e900\" data-id=\"5d3e900\" data-element_type=\"column\">\n\t\t\t<div class=\"elementor-column-wrap elementor-element-populated\">\n\t\t\t\t\t\t\t<div class=\"elementor-widget-wrap\">\n\t\t\t\t\t\t<div class=\"elementor-element elementor-element-bd953f6 elementor-widget elementor-widget-text-editor\" data-id=\"bd953f6\" data-element_type=\"widget\" data-widget_type=\"text-editor.default\">\n\t\t\t\t<div class=\"elementor-widget-container\">\n\t\t\t\t\t\t\t\t<div class=\"elementor-text-editor elementor-clearfix\">\n\t\t\t\t<p>A medida que evolucionen los roles de los arquitectos y la funci\u00f3n de la arquitectura en s\u00ed misma,\u00a0 ser\u00e1 importante preservar algunos aspectos del status quo. Por ejemplo, aunque los arquitectos trabajen principalmente como parte de equipos de productos y servicios, a\u00fan deber\u00e1n conectarse entre s\u00ed.<\/p>\t\t\t\t\t<\/div>\n\t\t\t\t\t\t<\/div>\n\t\t\t\t<\/div>\n\t\t\t\t\t\t<\/div>\n\t\t\t\t\t<\/div>\n\t\t<\/div>\n\t\t\t\t\t\t\t\t<\/div>\n\t\t\t\t\t<\/div>\n\t\t<\/section>\n\t\t\t\t<section class=\"elementor-section elementor-top-section elementor-element elementor-element-68fe1b1 elementor-section-boxed elementor-section-height-default elementor-section-height-default\" data-id=\"68fe1b1\" data-element_type=\"section\">\n\t\t\t\t\t\t<div class=\"elementor-container elementor-column-gap-default\">\n\t\t\t\t\t\t\t<div class=\"elementor-row\">\n\t\t\t\t\t<div class=\"elementor-column elementor-col-100 elementor-top-column elementor-element elementor-element-312937c\" data-id=\"312937c\" data-element_type=\"column\">\n\t\t\t<div class=\"elementor-column-wrap elementor-element-populated\">\n\t\t\t\t\t\t\t<div class=\"elementor-widget-wrap\">\n\t\t\t\t\t\t<div class=\"elementor-element elementor-element-4ce4142 elementor-widget elementor-widget-image\" data-id=\"4ce4142\" data-element_type=\"widget\" data-widget_type=\"image.default\">\n\t\t\t\t<div class=\"elementor-widget-container\">\n\t\t\t\t\t\t\t\t<div class=\"elementor-image\">\n\t\t\t\t\t\t\t\t\t\t\t\t<img width=\"1024\" height=\"626\" src=\"https:\/\/arsum.cl\/wp-content\/uploads\/2020\/10\/Posta-diagrama-1024x626.png\" class=\"attachment-large size-large\" alt=\"\" loading=\"lazy\" srcset=\"https:\/\/arsum.cl\/wp-content\/uploads\/2020\/10\/Posta-diagrama-1024x626.png 1024w, https:\/\/arsum.cl\/wp-content\/uploads\/2020\/10\/Posta-diagrama-300x183.png 300w, https:\/\/arsum.cl\/wp-content\/uploads\/2020\/10\/Posta-diagrama-768x469.png 768w, https:\/\/arsum.cl\/wp-content\/uploads\/2020\/10\/Posta-diagrama.png 1178w\" sizes=\"(max-width: 1024px) 100vw, 1024px\" \/>\t\t\t\t\t\t\t\t\t\t\t\t\t\t<\/div>\n\t\t\t\t\t\t<\/div>\n\t\t\t\t<\/div>\n\t\t\t\t\t\t<\/div>\n\t\t\t\t\t<\/div>\n\t\t<\/div>\n\t\t\t\t\t\t\t\t<\/div>\n\t\t\t\t\t<\/div>\n\t\t<\/section>\n\t\t\t\t<section class=\"elementor-section elementor-top-section elementor-element elementor-element-e03c830 elementor-section-boxed elementor-section-height-default elementor-section-height-default\" data-id=\"e03c830\" data-element_type=\"section\">\n\t\t\t\t\t\t<div class=\"elementor-container elementor-column-gap-default\">\n\t\t\t\t\t\t\t<div class=\"elementor-row\">\n\t\t\t\t\t<div class=\"elementor-column elementor-col-100 elementor-top-column elementor-element elementor-element-1bf6b0f\" data-id=\"1bf6b0f\" data-element_type=\"column\">\n\t\t\t<div class=\"elementor-column-wrap elementor-element-populated\">\n\t\t\t\t\t\t\t<div class=\"elementor-widget-wrap\">\n\t\t\t\t\t\t<div class=\"elementor-element elementor-element-cd07c86 elementor-widget elementor-widget-text-editor\" data-id=\"cd07c86\" data-element_type=\"widget\" data-widget_type=\"text-editor.default\">\n\t\t\t\t<div class=\"elementor-widget-container\">\n\t\t\t\t\t\t\t\t<div class=\"elementor-text-editor elementor-clearfix\">\n\t\t\t\t<p>Los CIO deben considerar la posibilidad de crear comunidades en l\u00ednea y en el sitio donde los arquitectos puedan compartir el aprendizaje en el terreno, intercambiar ideas y alinear sus enfoques para la configuraci\u00f3n y habilitaci\u00f3n de soluciones. Como alternativa, podr\u00edan crear una organizaci\u00f3n matricial en la que los arquitectos reporten a los equipos de productos y una funci\u00f3n de arquitectura centralizada. En este modelo, los arquitectos pueden satisfacer las necesidades de entrega local mientras contin\u00faan compartiendo las mejores pr\u00e1cticas con sus colegas.<\/p><p>De cualquier manera, lo importante es reconocer y patrocinar a tecn\u00f3logos valiosos. No se trata solo de ayudarlos a tener \u00e9xito a corto plazo. En el mercado actual de talentos de TI, la demanda de ingenieros de tecnolog\u00eda ya supera la oferta, lo que podr\u00eda poner en riesgo muchas iniciativas de transformaci\u00f3n arquitect\u00f3nica.<\/p><p>Brindar a los arquitectos experimentados oportunidades para orientar a los talentos de TI m\u00e1s j\u00f3venes puede convertirse pronto en el medio m\u00e1s eficaz de un CIO para satisfacer las demandas de personal del ma\u00f1ana.<\/p><p>Con un cambio disruptivo que ocurre a un ritmo sin precedentes, la arquitectura de planificaci\u00f3n deliberadamente se ha vuelto de vital importancia. Hace tres d\u00e9cadas, un peque\u00f1o n\u00famero de arquitectos de tecnolog\u00eda implement\u00f3 arquitecturas que han permitido a sus empresas continuar procesando transacciones hasta el d\u00eda de hoy. Por supuesto, pocas cosas en el mundo de la tecnolog\u00eda empresarial duran d\u00e9cadas, y mucho menos varias d\u00e9cadas.<\/p><p>Pero cabe preguntarse: \u00bfc\u00f3mo podemos construir nuestros sistemas hoy para adaptarse a la innovaci\u00f3n y la disrupci\u00f3n que seguramente continuar\u00e1n en las pr\u00f3ximas d\u00e9cadas? Dise\u00f1\u00e1ndolos de forma eficaz. \u00bfY qui\u00e9n puede hacer eso? Arquitectos. La arquitectura ha despertado. Que comience la evoluci\u00f3n.<\/p>\t\t\t\t\t<\/div>\n\t\t\t\t\t\t<\/div>\n\t\t\t\t<\/div>\n\t\t\t\t\t\t<\/div>\n\t\t\t\t\t<\/div>\n\t\t<\/div>\n\t\t\t\t\t\t\t\t<\/div>\n\t\t\t\t\t<\/div>\n\t\t<\/section>\n\t\t\t\t<section class=\"elementor-section elementor-top-section elementor-element elementor-element-6e3bd45 elementor-section-boxed elementor-section-height-default elementor-section-height-default\" data-id=\"6e3bd45\" data-element_type=\"section\">\n\t\t\t\t\t\t<div class=\"elementor-container elementor-column-gap-default\">\n\t\t\t\t\t\t\t<div class=\"elementor-row\">\n\t\t\t\t\t<div class=\"elementor-column elementor-col-100 elementor-top-column elementor-element elementor-element-233af07\" data-id=\"233af07\" data-element_type=\"column\">\n\t\t\t<div class=\"elementor-column-wrap elementor-element-populated\">\n\t\t\t\t\t\t\t<div class=\"elementor-widget-wrap\">\n\t\t\t\t\t\t<div class=\"elementor-element elementor-element-8f7f7f8 elementor-widget-divider--view-line elementor-widget elementor-widget-divider\" data-id=\"8f7f7f8\" data-element_type=\"widget\" data-widget_type=\"divider.default\">\n\t\t\t\t<div class=\"elementor-widget-container\">\n\t\t\t\t\t<div class=\"elementor-divider\">\n\t\t\t<span class=\"elementor-divider-separator\">\n\t\t\t\t\t\t<\/span>\n\t\t<\/div>\n\t\t\t\t<\/div>\n\t\t\t\t<\/div>\n\t\t\t\t\t\t<\/div>\n\t\t\t\t\t<\/div>\n\t\t<\/div>\n\t\t\t\t\t\t\t\t<\/div>\n\t\t\t\t\t<\/div>\n\t\t<\/section>\n\t\t\t\t<section class=\"elementor-section elementor-top-section elementor-element elementor-element-de3ab4e elementor-section-boxed elementor-section-height-default elementor-section-height-default\" data-id=\"de3ab4e\" data-element_type=\"section\">\n\t\t\t\t\t\t<div class=\"elementor-container elementor-column-gap-default\">\n\t\t\t\t\t\t\t<div class=\"elementor-row\">\n\t\t\t\t\t<div class=\"elementor-column elementor-col-100 elementor-top-column elementor-element elementor-element-55a8580\" data-id=\"55a8580\" data-element_type=\"column\">\n\t\t\t<div class=\"elementor-column-wrap elementor-element-populated\">\n\t\t\t\t\t\t\t<div class=\"elementor-widget-wrap\">\n\t\t\t\t\t\t<div class=\"elementor-element elementor-element-c06cb89 elementor-widget elementor-widget-text-editor\" data-id=\"c06cb89\" data-element_type=\"widget\" data-widget_type=\"text-editor.default\">\n\t\t\t\t<div class=\"elementor-widget-container\">\n\t\t\t\t\t\t\t\t<div class=\"elementor-text-editor elementor-clearfix\">\n\t\t\t\t<p><i style=\"font-variant-ligatures: normal; font-variant-caps: normal; font-family: Roboto, sans-serif; font-size: 14px; font-weight: 400;\">Este art\u00edculo es un extracto de \u00abLa Arquitectura Despierta\u00bb, contenido en el documento \u00abTech Trends 2020\u00bb publicado por Deloitte.<\/i><\/p>\t\t\t\t\t<\/div>\n\t\t\t\t\t\t<\/div>\n\t\t\t\t<\/div>\n\t\t\t\t\t\t<\/div>\n\t\t\t\t\t<\/div>\n\t\t<\/div>\n\t\t\t\t\t\t\t\t<\/div>\n\t\t\t\t\t<\/div>\n\t\t<\/section>\n\t\t\t\t\t\t\t\t\t<\/div>\n\t\t\t<\/div>\n\t\t\t\t\t<\/div>\n\t\t","protected":false},"excerpt":{"rendered":"<p>Un homenaje a un peque\u00f1o n\u00famero de arquitectos de tecnolog\u00eda que hace d\u00e9cadas implement\u00f3 arquitecturas que han permitido a sus empresas continuar procesando transacciones hasta el d\u00eda de hoy. Ahora, ellos pasan el testimonio a las nuevas generaciones. Aqu\u00ed te dejamos unos consejos para las nuevas generaciones. A medida que evolucionen los roles de los [&hellip;]<\/p>\n","protected":false},"author":1,"featured_media":0,"parent":305,"menu_order":0,"comment_status":"closed","ping_status":"closed","template":"","meta":{"ocean_post_layout":"","ocean_both_sidebars_style":"","ocean_both_sidebars_content_width":0,"ocean_both_sidebars_sidebars_width":0,"ocean_sidebar":"0","ocean_second_sidebar":"0","ocean_disable_margins":"enable","ocean_add_body_class":"","ocean_shortcode_before_top_bar":"","ocean_shortcode_after_top_bar":"","ocean_shortcode_before_header":"","ocean_shortcode_after_header":"","ocean_has_shortcode":"","ocean_shortcode_after_title":"","ocean_shortcode_before_footer_widgets":"","ocean_shortcode_after_footer_widgets":"","ocean_shortcode_before_footer_bottom":"","ocean_shortcode_after_footer_bottom":"","ocean_display_top_bar":"default","ocean_display_header":"default","ocean_header_style":"custom","ocean_center_header_left_menu":"0","ocean_custom_header_template":"0","ocean_custom_logo":0,"ocean_custom_retina_logo":0,"ocean_custom_logo_max_width":0,"ocean_custom_logo_tablet_max_width":0,"ocean_custom_logo_mobile_max_width":0,"ocean_custom_logo_max_height":0,"ocean_custom_logo_tablet_max_height":0,"ocean_custom_logo_mobile_max_height":0,"ocean_header_custom_menu":"0","ocean_menu_typo_font_family":"0","ocean_menu_typo_font_subset":"","ocean_menu_typo_font_size":0,"ocean_menu_typo_font_size_tablet":0,"ocean_menu_typo_font_size_mobile":0,"ocean_menu_typo_font_size_unit":"px","ocean_menu_typo_font_weight":"","ocean_menu_typo_font_weight_tablet":"","ocean_menu_typo_font_weight_mobile":"","ocean_menu_typo_transform":"","ocean_menu_typo_transform_tablet":"","ocean_menu_typo_transform_mobile":"","ocean_menu_typo_line_height":0,"ocean_menu_typo_line_height_tablet":0,"ocean_menu_typo_line_height_mobile":0,"ocean_menu_typo_line_height_unit":"","ocean_menu_typo_spacing":0,"ocean_menu_typo_spacing_tablet":0,"ocean_menu_typo_spacing_mobile":0,"ocean_menu_typo_spacing_unit":"","ocean_menu_link_color":"","ocean_menu_link_color_hover":"","ocean_menu_link_color_active":"","ocean_menu_link_background":"","ocean_menu_link_hover_background":"","ocean_menu_link_active_background":"","ocean_menu_social_links_bg":"","ocean_menu_social_hover_links_bg":"","ocean_menu_social_links_color":"","ocean_menu_social_hover_links_color":"","ocean_disable_title":"default","ocean_disable_heading":"default","ocean_post_title":"","ocean_post_subheading":"","ocean_post_title_style":"background-image","ocean_post_title_background_color":"","ocean_post_title_background":648,"ocean_post_title_bg_image_position":"","ocean_post_title_bg_image_attachment":"","ocean_post_title_bg_image_repeat":"","ocean_post_title_bg_image_size":"","ocean_post_title_height":0,"ocean_post_title_bg_overlay":0.5,"ocean_post_title_bg_overlay_color":"","ocean_disable_breadcrumbs":"default","ocean_breadcrumbs_color":"","ocean_breadcrumbs_separator_color":"","ocean_breadcrumbs_links_color":"","ocean_breadcrumbs_links_hover_color":"","ocean_display_footer_widgets":"default","ocean_display_footer_bottom":"default","ocean_custom_footer_template":"0"},"_links":{"self":[{"href":"https:\/\/arsum.cl\/index.php?rest_route=\/wp\/v2\/pages\/643"}],"collection":[{"href":"https:\/\/arsum.cl\/index.php?rest_route=\/wp\/v2\/pages"}],"about":[{"href":"https:\/\/arsum.cl\/index.php?rest_route=\/wp\/v2\/types\/page"}],"author":[{"embeddable":true,"href":"https:\/\/arsum.cl\/index.php?rest_route=\/wp\/v2\/users\/1"}],"replies":[{"embeddable":true,"href":"https:\/\/arsum.cl\/index.php?rest_route=%2Fwp%2Fv2%2Fcomments&post=643"}],"version-history":[{"count":4,"href":"https:\/\/arsum.cl\/index.php?rest_route=\/wp\/v2\/pages\/643\/revisions"}],"predecessor-version":[{"id":649,"href":"https:\/\/arsum.cl\/index.php?rest_route=\/wp\/v2\/pages\/643\/revisions\/649"}],"up":[{"embeddable":true,"href":"https:\/\/arsum.cl\/index.php?rest_route=\/wp\/v2\/pages\/305"}],"wp:attachment":[{"href":"https:\/\/arsum.cl\/index.php?rest_route=%2Fwp%2Fv2%2Fmedia&parent=643"}],"curies":[{"name":"wp","href":"https:\/\/api.w.org\/{rel}","templated":true}]}}