{"id":654,"date":"2020-10-28T22:34:52","date_gmt":"2020-10-28T22:34:52","guid":{"rendered":"https:\/\/arsum.cl\/?page_id=654"},"modified":"2020-10-28T22:50:20","modified_gmt":"2020-10-28T22:50:20","slug":"arquitectos-bajan-de-sus-torres-de-marfil-a-las-trincheras","status":"publish","type":"page","link":"https:\/\/arsum.cl\/?page_id=654","title":{"rendered":"Arquitectos bajan de sus torres de marfil a las trincheras"},"content":{"rendered":"\t\t<div data-elementor-type=\"wp-page\" data-elementor-id=\"654\" class=\"elementor elementor-654\">\n\t\t\t\t\t\t<div class=\"elementor-inner\">\n\t\t\t\t<div class=\"elementor-section-wrap\">\n\t\t\t\t\t\t\t\t\t<section class=\"elementor-section elementor-top-section elementor-element elementor-element-e64fde0 elementor-section-boxed elementor-section-height-default elementor-section-height-default\" data-id=\"e64fde0\" data-element_type=\"section\">\n\t\t\t\t\t\t<div class=\"elementor-container elementor-column-gap-default\">\n\t\t\t\t\t\t\t<div class=\"elementor-row\">\n\t\t\t\t\t<div class=\"elementor-column elementor-col-100 elementor-top-column elementor-element elementor-element-7b8e673\" data-id=\"7b8e673\" data-element_type=\"column\">\n\t\t\t<div class=\"elementor-column-wrap elementor-element-populated\">\n\t\t\t\t\t\t\t<div class=\"elementor-widget-wrap\">\n\t\t\t\t\t\t<div class=\"elementor-element elementor-element-4db3fda elementor-widget elementor-widget-text-editor\" data-id=\"4db3fda\" data-element_type=\"widget\" data-widget_type=\"text-editor.default\">\n\t\t\t\t<div class=\"elementor-widget-container\">\n\t\t\t\t\t\t\t\t<div class=\"elementor-text-editor elementor-clearfix\">\n\t\t\t\t<p>Los arquitectos de TI bajan de sus torres de marfil a las trincheras, para ayudar a sus compa\u00f1\u00edas a enfrentar la crisis. Ha quedado claro que en este 2020 se ha avanzado m\u00e1s en transformaci\u00f3n digital que, quiz\u00e1s, en los 10 a\u00f1os anteriores. Si bien este avance est\u00e1 lejos a\u00fan de concretarse, muchas compa\u00f1\u00edas est\u00e1n entendiendo mejor de qu\u00e9 se trata esta transformaci\u00f3n.<\/p>\t\t\t\t\t<\/div>\n\t\t\t\t\t\t<\/div>\n\t\t\t\t<\/div>\n\t\t\t\t\t\t<\/div>\n\t\t\t\t\t<\/div>\n\t\t<\/div>\n\t\t\t\t\t\t\t\t<\/div>\n\t\t\t\t\t<\/div>\n\t\t<\/section>\n\t\t\t\t<section class=\"elementor-section elementor-top-section elementor-element elementor-element-a8e0df3 elementor-section-boxed elementor-section-height-default elementor-section-height-default\" data-id=\"a8e0df3\" data-element_type=\"section\">\n\t\t\t\t\t\t<div class=\"elementor-container elementor-column-gap-default\">\n\t\t\t\t\t\t\t<div class=\"elementor-row\">\n\t\t\t\t\t<div class=\"elementor-column elementor-col-100 elementor-top-column elementor-element elementor-element-a38dd88\" data-id=\"a38dd88\" data-element_type=\"column\">\n\t\t\t<div class=\"elementor-column-wrap elementor-element-populated\">\n\t\t\t\t\t\t\t<div class=\"elementor-widget-wrap\">\n\t\t\t\t\t\t<div class=\"elementor-element elementor-element-43d9e49 elementor-widget elementor-widget-text-editor\" data-id=\"43d9e49\" data-element_type=\"widget\" data-widget_type=\"text-editor.default\">\n\t\t\t\t<div class=\"elementor-widget-container\">\n\t\t\t\t\t\t\t\t<div class=\"elementor-text-editor elementor-clearfix\">\n\t\t\t\t<p>Sin duda, este 2020 ha sido, por as\u00ed decirlo, un a\u00f1o \u201cespecial\u201d. Si bien hemos sido testigos de m\u00faltiples formas en que las personas y los distintos pa\u00edses han enfrentado la actual pandemia, esto no ha podido frenar el alt\u00edsimo impacto que esta ha generado en todos los \u00e1mbitos.<\/p>\n<p>Ha quedado claro que en este 2020 se ha avanzado m\u00e1s en transformaci\u00f3n digital que, quiz\u00e1s, en los 10 a\u00f1os anteriores. Si bien este avance est\u00e1 lejos a\u00fan de concretarse, muchas compa\u00f1\u00edas est\u00e1n entendiendo mejor de qu\u00e9 se trata esta transformaci\u00f3n, y han tenido que dar pasos concretos hacia su realizaci\u00f3n al verse obligadas a pensar seriamente en ella y, no cabe duda, que los sistemas y aplicaciones son fundamentales en este esfuerzo. Cada vez m\u00e1s, los l\u00edderes de nivel gerencial y de \u00e1reas tecnol\u00f3gicas se convencen que la ciencia de la arquitectura tecnol\u00f3gica es m\u00e1s importante que nunca antes.<\/p>\t\t\t\t\t<\/div>\n\t\t\t\t\t\t<\/div>\n\t\t\t\t<\/div>\n\t\t\t\t\t\t<\/div>\n\t\t\t\t\t<\/div>\n\t\t<\/div>\n\t\t\t\t\t\t\t\t<\/div>\n\t\t\t\t\t<\/div>\n\t\t<\/section>\n\t\t\t\t<section class=\"elementor-section elementor-top-section elementor-element elementor-element-8304122 elementor-section-boxed elementor-section-height-default elementor-section-height-default\" data-id=\"8304122\" data-element_type=\"section\">\n\t\t\t\t\t\t<div class=\"elementor-container elementor-column-gap-default\">\n\t\t\t\t\t\t\t<div class=\"elementor-row\">\n\t\t\t\t\t<div class=\"elementor-column elementor-col-100 elementor-top-column elementor-element elementor-element-9ccfedc\" data-id=\"9ccfedc\" data-element_type=\"column\">\n\t\t\t<div class=\"elementor-column-wrap elementor-element-populated\">\n\t\t\t\t\t\t\t<div class=\"elementor-widget-wrap\">\n\t\t\t\t\t\t<section class=\"elementor-section elementor-inner-section elementor-element elementor-element-1db5480 elementor-section-boxed elementor-section-height-default elementor-section-height-default\" data-id=\"1db5480\" data-element_type=\"section\">\n\t\t\t\t\t\t<div class=\"elementor-container elementor-column-gap-default\">\n\t\t\t\t\t\t\t<div class=\"elementor-row\">\n\t\t\t\t\t<div class=\"elementor-column elementor-col-50 elementor-inner-column elementor-element elementor-element-726c03e\" data-id=\"726c03e\" data-element_type=\"column\">\n\t\t\t<div class=\"elementor-column-wrap elementor-element-populated\">\n\t\t\t\t\t\t\t<div class=\"elementor-widget-wrap\">\n\t\t\t\t\t\t<div class=\"elementor-element elementor-element-02daac5 elementor-widget elementor-widget-image\" data-id=\"02daac5\" data-element_type=\"widget\" data-widget_type=\"image.default\">\n\t\t\t\t<div class=\"elementor-widget-container\">\n\t\t\t\t\t\t\t\t<div class=\"elementor-image\">\n\t\t\t\t\t\t\t\t\t\t\t\t<img width=\"953\" height=\"1024\" src=\"https:\/\/arsum.cl\/wp-content\/uploads\/2020\/10\/PngJoy_tower-ivory-tower-png-png-download_2311570-953x1024.jpg\" class=\"attachment-large size-large\" alt=\"\" loading=\"lazy\" srcset=\"https:\/\/arsum.cl\/wp-content\/uploads\/2020\/10\/PngJoy_tower-ivory-tower-png-png-download_2311570-953x1024.jpg 953w, https:\/\/arsum.cl\/wp-content\/uploads\/2020\/10\/PngJoy_tower-ivory-tower-png-png-download_2311570-279x300.jpg 279w, https:\/\/arsum.cl\/wp-content\/uploads\/2020\/10\/PngJoy_tower-ivory-tower-png-png-download_2311570-768x826.jpg 768w, https:\/\/arsum.cl\/wp-content\/uploads\/2020\/10\/PngJoy_tower-ivory-tower-png-png-download_2311570-1429x1536.jpg 1429w, https:\/\/arsum.cl\/wp-content\/uploads\/2020\/10\/PngJoy_tower-ivory-tower-png-png-download_2311570-1905x2048.jpg 1905w, https:\/\/arsum.cl\/wp-content\/uploads\/2020\/10\/PngJoy_tower-ivory-tower-png-png-download_2311570.jpg 1907w\" sizes=\"(max-width: 953px) 100vw, 953px\" \/>\t\t\t\t\t\t\t\t\t\t\t\t\t\t<\/div>\n\t\t\t\t\t\t<\/div>\n\t\t\t\t<\/div>\n\t\t\t\t\t\t<\/div>\n\t\t\t\t\t<\/div>\n\t\t<\/div>\n\t\t\t\t<div class=\"elementor-column elementor-col-50 elementor-inner-column elementor-element elementor-element-5eb6e66\" data-id=\"5eb6e66\" data-element_type=\"column\">\n\t\t\t<div class=\"elementor-column-wrap elementor-element-populated\">\n\t\t\t\t\t\t\t<div class=\"elementor-widget-wrap\">\n\t\t\t\t\t\t<div class=\"elementor-element elementor-element-5a390e8 elementor-widget elementor-widget-text-editor\" data-id=\"5a390e8\" data-element_type=\"widget\" data-widget_type=\"text-editor.default\">\n\t\t\t\t<div class=\"elementor-widget-container\">\n\t\t\t\t\t\t\t\t<div class=\"elementor-text-editor elementor-clearfix\">\n\t\t\t\t<p style=\"font-variant-ligatures: normal; font-variant-caps: normal; font-family: Roboto, sans-serif; font-size: 17px; font-style: normal; font-weight: 400;\">Se est\u00e1 produciendo, entonces, un movimiento de los arquitectos desde sus \u201ctorres de marfil\u201d, hacia las \u201ctrincheras\u201d. Estos talentosos, si acaso subutilizados profesionales de las tecnolog\u00edas est\u00e1n tomando m\u00e1s responsabilidad en sistemas y servicios particulares, para involucrarse m\u00e1s que antes en la operaci\u00f3n. La meta de este movimiento es simple: llevar a los arquitectos m\u00e1s experimentados donde m\u00e1s se les necesita: participar en los equipos de desarrollo que dise\u00f1an soluciones tecnol\u00f3gicas complejas.<\/p><p style=\"font-variant-ligatures: normal; font-variant-caps: normal; font-family: Roboto, sans-serif; font-size: 17px; font-style: normal; font-weight: 400;\">Una vez que los arquitectos se reubiquen y empoderen para conducir el cambio, ayudar\u00e1n a simplificar las capas de tecnolog\u00eda para proveer mayor agilidad, que es lo que da a las compa\u00f1\u00edas m\u00e1s j\u00f3venes una ventaja en el mercado. Incluso, tambi\u00e9n se les puede conferir responsabilidad en lograr resultados a nivel de negocio.<\/p><p style=\"font-variant-ligatures: normal; font-variant-caps: normal; font-family: Roboto, sans-serif; font-size: 17px; font-weight: 400;\"><span style=\"font-style: normal;\">Las compa\u00f1\u00edas y emprendimientos m\u00e1s j\u00f3venes llevan cierta ventaja en esto, pues no acarrean un lastre de soluciones antiguas y heredadas, lo que para las compa\u00f1\u00edas m\u00e1s grandes y establecidas constituye un desaf\u00edo y un obst\u00e1culo. La encuesta global a CIOs de 2018 efectuada por Deloitte, muestra que solo el 54% de los gerentes de tecnolog\u00eda creen que los <\/span><i>stacks<\/i> de tecnolog\u00eda de sus compa\u00f1\u00edas pueden sustentar las necesidades del negocio actuales y futuras.<\/p>\t\t\t\t\t<\/div>\n\t\t\t\t\t\t<\/div>\n\t\t\t\t<\/div>\n\t\t\t\t\t\t<\/div>\n\t\t\t\t\t<\/div>\n\t\t<\/div>\n\t\t\t\t\t\t\t\t<\/div>\n\t\t\t\t\t<\/div>\n\t\t<\/section>\n\t\t\t\t\t\t<\/div>\n\t\t\t\t\t<\/div>\n\t\t<\/div>\n\t\t\t\t\t\t\t\t<\/div>\n\t\t\t\t\t<\/div>\n\t\t<\/section>\n\t\t\t\t<section class=\"elementor-section elementor-top-section elementor-element elementor-element-fbc1d72 elementor-section-boxed elementor-section-height-default elementor-section-height-default\" data-id=\"fbc1d72\" data-element_type=\"section\">\n\t\t\t\t\t\t<div class=\"elementor-container elementor-column-gap-default\">\n\t\t\t\t\t\t\t<div class=\"elementor-row\">\n\t\t\t\t\t<div class=\"elementor-column elementor-col-100 elementor-top-column elementor-element elementor-element-3a03664\" data-id=\"3a03664\" data-element_type=\"column\">\n\t\t\t<div class=\"elementor-column-wrap elementor-element-populated\">\n\t\t\t\t\t\t\t<div class=\"elementor-widget-wrap\">\n\t\t\t\t\t\t<div class=\"elementor-element elementor-element-17de07c elementor-widget elementor-widget-text-editor\" data-id=\"17de07c\" data-element_type=\"widget\" data-widget_type=\"text-editor.default\">\n\t\t\t\t<div class=\"elementor-widget-container\">\n\t\t\t\t\t\t\t\t<div class=\"elementor-text-editor elementor-clearfix\">\n\t\t\t\t<p><span style=\"font-size: 17px;\">Para permanecer competitivos, las organizaciones ya establecidas necesitar\u00e1n evolucionar su enfoque hacia la arquitectura, un proceso que est\u00e1 transformando el rol de los arquitectos en la compa\u00f1\u00eda.<\/span><\/p><p>Las compa\u00f1\u00edas que entiendan y apliquen este nuevo rol para los arquitectos, har\u00e1n que estos tengan un papel m\u00e1s colaborativo, m\u00e1s creativo y de mayor responsabilidad ante las necesidades de los accionistas. Los arquitectos de definiciones de alto nivel estar\u00e1n trabajando con equipos multidisciplinarios junto con los arquitectos enfocados en aplicaciones, adem\u00e1s de colegas tanto de TI como del negocio. Yendo m\u00e1s all\u00e1, la misi\u00f3n de los arquitectos incluso puede tornarse en liderar iniciativas relacionadas a fuerzas disruptivas tales como <i>blockchain<\/i>, inteligencia artificial y <i>machine learning<\/i>.<\/p><p>Esta nueva tendencia sobre el rol de los arquitectos se basa en la l\u00f3gica de negocios que los CEO, los CFO y los l\u00edderes de marca s\u00ed entienden: inversi\u00f3n, planificaci\u00f3n cuidadosa y buena \u201calimentaci\u00f3n\u201d hacer crecer una compa\u00f1\u00eda.<\/p><p>La inversi\u00f3n en los arquitectos y en la arquitectura, as\u00ed como en promover su valor estrat\u00e9gico para toda la corporaci\u00f3n, puede hacer que la funci\u00f3n de TI evolucione para consolidarse como un diferenciador competitivo en esta econom\u00eda digital.<\/p>\t\t\t\t\t<\/div>\n\t\t\t\t\t\t<\/div>\n\t\t\t\t<\/div>\n\t\t\t\t\t\t<\/div>\n\t\t\t\t\t<\/div>\n\t\t<\/div>\n\t\t\t\t\t\t\t\t<\/div>\n\t\t\t\t\t<\/div>\n\t\t<\/section>\n\t\t\t\t\t\t\t\t\t<\/div>\n\t\t\t<\/div>\n\t\t\t\t\t<\/div>\n\t\t","protected":false},"excerpt":{"rendered":"<p>Los arquitectos de TI bajan de sus torres de marfil a las trincheras, para ayudar a sus compa\u00f1\u00edas a enfrentar la crisis. Ha quedado claro que en este 2020 se ha avanzado m\u00e1s en transformaci\u00f3n digital que, quiz\u00e1s, en los 10 a\u00f1os anteriores. Si bien este avance est\u00e1 lejos a\u00fan de concretarse, muchas compa\u00f1\u00edas est\u00e1n [&hellip;]<\/p>\n","protected":false},"author":1,"featured_media":0,"parent":305,"menu_order":0,"comment_status":"closed","ping_status":"closed","template":"","meta":{"ocean_post_layout":"","ocean_both_sidebars_style":"","ocean_both_sidebars_content_width":0,"ocean_both_sidebars_sidebars_width":0,"ocean_sidebar":"0","ocean_second_sidebar":"0","ocean_disable_margins":"enable","ocean_add_body_class":"","ocean_shortcode_before_top_bar":"","ocean_shortcode_after_top_bar":"","ocean_shortcode_before_header":"","ocean_shortcode_after_header":"","ocean_has_shortcode":"","ocean_shortcode_after_title":"","ocean_shortcode_before_footer_widgets":"","ocean_shortcode_after_footer_widgets":"","ocean_shortcode_before_footer_bottom":"","ocean_shortcode_after_footer_bottom":"","ocean_display_top_bar":"default","ocean_display_header":"default","ocean_header_style":"","ocean_center_header_left_menu":"0","ocean_custom_header_template":"0","ocean_custom_logo":0,"ocean_custom_retina_logo":0,"ocean_custom_logo_max_width":0,"ocean_custom_logo_tablet_max_width":0,"ocean_custom_logo_mobile_max_width":0,"ocean_custom_logo_max_height":0,"ocean_custom_logo_tablet_max_height":0,"ocean_custom_logo_mobile_max_height":0,"ocean_header_custom_menu":"0","ocean_menu_typo_font_family":"0","ocean_menu_typo_font_subset":"","ocean_menu_typo_font_size":0,"ocean_menu_typo_font_size_tablet":0,"ocean_menu_typo_font_size_mobile":0,"ocean_menu_typo_font_size_unit":"px","ocean_menu_typo_font_weight":"","ocean_menu_typo_font_weight_tablet":"","ocean_menu_typo_font_weight_mobile":"","ocean_menu_typo_transform":"","ocean_menu_typo_transform_tablet":"","ocean_menu_typo_transform_mobile":"","ocean_menu_typo_line_height":0,"ocean_menu_typo_line_height_tablet":0,"ocean_menu_typo_line_height_mobile":0,"ocean_menu_typo_line_height_unit":"","ocean_menu_typo_spacing":0,"ocean_menu_typo_spacing_tablet":0,"ocean_menu_typo_spacing_mobile":0,"ocean_menu_typo_spacing_unit":"","ocean_menu_link_color":"","ocean_menu_link_color_hover":"","ocean_menu_link_color_active":"","ocean_menu_link_background":"","ocean_menu_link_hover_background":"","ocean_menu_link_active_background":"","ocean_menu_social_links_bg":"","ocean_menu_social_hover_links_bg":"","ocean_menu_social_links_color":"","ocean_menu_social_hover_links_color":"","ocean_disable_title":"default","ocean_disable_heading":"default","ocean_post_title":"","ocean_post_subheading":"","ocean_post_title_style":"background-image","ocean_post_title_background_color":"","ocean_post_title_background":657,"ocean_post_title_bg_image_position":"top center","ocean_post_title_bg_image_attachment":"","ocean_post_title_bg_image_repeat":"","ocean_post_title_bg_image_size":"","ocean_post_title_height":0,"ocean_post_title_bg_overlay":0.5,"ocean_post_title_bg_overlay_color":"","ocean_disable_breadcrumbs":"default","ocean_breadcrumbs_color":"","ocean_breadcrumbs_separator_color":"","ocean_breadcrumbs_links_color":"","ocean_breadcrumbs_links_hover_color":"","ocean_display_footer_widgets":"default","ocean_display_footer_bottom":"default","ocean_custom_footer_template":"0"},"_links":{"self":[{"href":"https:\/\/arsum.cl\/index.php?rest_route=\/wp\/v2\/pages\/654"}],"collection":[{"href":"https:\/\/arsum.cl\/index.php?rest_route=\/wp\/v2\/pages"}],"about":[{"href":"https:\/\/arsum.cl\/index.php?rest_route=\/wp\/v2\/types\/page"}],"author":[{"embeddable":true,"href":"https:\/\/arsum.cl\/index.php?rest_route=\/wp\/v2\/users\/1"}],"replies":[{"embeddable":true,"href":"https:\/\/arsum.cl\/index.php?rest_route=%2Fwp%2Fv2%2Fcomments&post=654"}],"version-history":[{"count":4,"href":"https:\/\/arsum.cl\/index.php?rest_route=\/wp\/v2\/pages\/654\/revisions"}],"predecessor-version":[{"id":660,"href":"https:\/\/arsum.cl\/index.php?rest_route=\/wp\/v2\/pages\/654\/revisions\/660"}],"up":[{"embeddable":true,"href":"https:\/\/arsum.cl\/index.php?rest_route=\/wp\/v2\/pages\/305"}],"wp:attachment":[{"href":"https:\/\/arsum.cl\/index.php?rest_route=%2Fwp%2Fv2%2Fmedia&parent=654"}],"curies":[{"name":"wp","href":"https:\/\/api.w.org\/{rel}","templated":true}]}}